{"id":2828,"date":"2021-03-15T14:45:23","date_gmt":"2021-03-15T14:45:23","guid":{"rendered":"https:\/\/healthfirst.qodeinteractive.com\/?page_id=2828"},"modified":"2024-07-02T19:51:05","modified_gmt":"2024-07-02T19:51:05","slug":"about","status":"publish","type":"page","link":"https:\/\/goodnessnutritioncenter.com\/es\/about\/","title":{"rendered":"Acerca de"},"content":{"rendered":"<div data-elementor-type=\"wp-page\" data-elementor-id=\"2828\" class=\"elementor elementor-2828\" data-elementor-post-type=\"page\">\n\t\t\t\t\t\t<section class=\"elementor-section elementor-top-section elementor-element elementor-element-0cec022 elementor-section-boxed elementor-section-height-default elementor-section-height-default qodef-elementor-content-no\" data-id=\"0cec022\" data-element_type=\"section\">\n\t\t\t\t\t\t<div class=\"elementor-container elementor-column-gap-default\">\n\t\t\t\t\t<div class=\"elementor-column elementor-col-50 elementor-top-column elementor-element elementor-element-f3af203\" data-id=\"f3af203\" data-element_type=\"column\">\n\t\t\t<div class=\"elementor-widget-wrap elementor-element-populated\">\n\t\t\t\t\t\t<div class=\"elementor-element elementor-element-06d4e93 elementor-widget elementor-widget-image\" data-id=\"06d4e93\" data-element_type=\"widget\" data-widget_type=\"image.default\">\n\t\t\t\t<div class=\"elementor-widget-container\">\n\t\t\t\t\t\t\t\t\t\t\t\t\t\t\t<img fetchpriority=\"high\" decoding=\"async\" width=\"819\" height=\"1024\" src=\"https:\/\/goodnessnutritioncenter.com\/wp-content\/uploads\/2024\/07\/GNCphotoshoot1-scaled-1-819x1024.webp\" class=\"attachment-large size-large wp-image-7845\" alt=\"\" srcset=\"https:\/\/goodnessnutritioncenter.com\/wp-content\/uploads\/2024\/07\/GNCphotoshoot1-scaled-1-819x1024.webp 819w, https:\/\/goodnessnutritioncenter.com\/wp-content\/uploads\/2024\/07\/GNCphotoshoot1-scaled-1-240x300.webp 240w, https:\/\/goodnessnutritioncenter.com\/wp-content\/uploads\/2024\/07\/GNCphotoshoot1-scaled-1-768x960.webp 768w, https:\/\/goodnessnutritioncenter.com\/wp-content\/uploads\/2024\/07\/GNCphotoshoot1-scaled-1-1229x1536.webp 1229w, https:\/\/goodnessnutritioncenter.com\/wp-content\/uploads\/2024\/07\/GNCphotoshoot1-scaled-1-1638x2048.webp 1638w, https:\/\/goodnessnutritioncenter.com\/wp-content\/uploads\/2024\/07\/GNCphotoshoot1-scaled-1-10x12.webp 10w, https:\/\/goodnessnutritioncenter.com\/wp-content\/uploads\/2024\/07\/GNCphotoshoot1-scaled-1.webp 2048w\" sizes=\"(max-width: 819px) 100vw, 819px\" \/>\t\t\t\t\t\t\t\t\t\t\t\t\t\t\t<\/div>\n\t\t\t\t<\/div>\n\t\t\t\t\t<\/div>\n\t\t<\/div>\n\t\t\t\t<div class=\"elementor-column elementor-col-50 elementor-top-column elementor-element elementor-element-e4e7b5c\" data-id=\"e4e7b5c\" data-element_type=\"column\">\n\t\t\t<div class=\"elementor-widget-wrap elementor-element-populated\">\n\t\t\t\t\t\t<div class=\"elementor-element elementor-element-3685297 elementor-widget__width-initial elementor-widget elementor-widget-healthfirst_core_section_title\" data-id=\"3685297\" data-element_type=\"widget\" data-widget_type=\"healthfirst_core_section_title.default\">\n\t\t\t\t<div class=\"elementor-widget-container\">\n\t\t\t\t\t<div class=\"qodef-shortcode qodef-m  qodef-section-title qodef-alignment--center\">\n\t\t\t<h1 class=\"qodef-m-title\" >\n\t\t\t\t\tConoce a Gloria Ochoa-Andia,\t\t\t<\/h1>\n\t\t<h6 class=\"qodef-m-subtitle\" >\n\t\t\t\t\tRDN, LD, CDCES, IBCLC, RLC, LCCE\t\t\t<\/h6>\n\t<\/div>\n\t\t\t\t<\/div>\n\t\t\t\t<\/div>\n\t\t\t\t<div class=\"elementor-element elementor-element-423b89d elementor-widget__width-initial elementor-widget elementor-widget-healthfirst_core_section_title\" data-id=\"423b89d\" data-element_type=\"widget\" data-widget_type=\"healthfirst_core_section_title.default\">\n\t\t\t\t<div class=\"elementor-widget-container\">\n\t\t\t\t\t<div class=\"qodef-shortcode qodef-m  qodef-section-title qodef-alignment--center\">\n\t\t\t\t\t<p class=\"qodef-m-text\" >Nutricionista registrada y certificada, educadora en diabetes, Lamaze y asesora de lactancia M\u00e1ster en Nutrici\u00f3n, Licenciada en Psicolog\u00eda Hunter College de la Universidad de la Ciudad de Nueva York\n<\/p>\n<\/div>\n\t\t\t\t<\/div>\n\t\t\t\t<\/div>\n\t\t\t\t\t<\/div>\n\t\t<\/div>\n\t\t\t\t\t<\/div>\n\t\t<\/section>\n\t\t\t\t<section class=\"elementor-section elementor-top-section elementor-element elementor-element-bded545 elementor-section-boxed elementor-section-height-default elementor-section-height-default qodef-elementor-content-no\" data-id=\"bded545\" data-element_type=\"section\">\n\t\t\t\t\t\t<div class=\"elementor-container elementor-column-gap-default\">\n\t\t\t\t\t<div class=\"elementor-column elementor-col-50 elementor-top-column elementor-element elementor-element-1da5960\" data-id=\"1da5960\" data-element_type=\"column\">\n\t\t\t<div class=\"elementor-widget-wrap elementor-element-populated\">\n\t\t\t\t\t\t<div class=\"elementor-element elementor-element-a093907 elementor-widget elementor-widget-healthfirst_core_section_title\" data-id=\"a093907\" data-element_type=\"widget\" data-widget_type=\"healthfirst_core_section_title.default\">\n\t\t\t\t<div class=\"elementor-widget-container\">\n\t\t\t\t\t<div class=\"qodef-shortcode qodef-m  qodef-section-title qodef-alignment--left\">\n\t\t\t<h4 class=\"qodef-m-title\" >\n\t\t\t\t\tMi filosof\u00eda\t\t\t<\/h4>\n\t\t<\/div>\n\t\t\t\t<\/div>\n\t\t\t\t<\/div>\n\t\t\t\t<div class=\"elementor-element elementor-element-6194853 elementor-widget elementor-widget-text-editor\" data-id=\"6194853\" data-element_type=\"widget\" data-widget_type=\"text-editor.default\">\n\t\t\t\t<div class=\"elementor-widget-container\">\n\t\t\t\t\t\t\t\t\t<p>Creo que al utilizar las herramientas y el apoyo adecuados, puede desarrollar las habilidades para volverse m\u00e1s saludable, controlar enfermedades cr\u00f3nicas y alcanzar su peso saludable con la nutrici\u00f3n como piedra angular. Ayudo a las personas a realizar y mantener cambios de comportamiento a largo plazo. Centr\u00e1ndose en la prevenci\u00f3n y el desarrollo de habilidades para transformar su salud. Al ofrecerle la oportunidad de asistir a clases grupales o sesiones individuales, quiero capacitarlo para crear un estilo de vida saludable a su propio ritmo, con sus preferencias alimentarias y metas personalizadas. Adem\u00e1s de la opci\u00f3n de usar la Prueba de An\u00e1lisis de Composici\u00f3n Corporal (SECA) m\u00e1s precisa y avanzada que me permitir\u00e1 brindarle las recomendaciones nutricionales y de ejercicio m\u00e1s precisas.<\/p><p class=\"qodef-bordered-text\">\"Cre\u00e9 Goodness Nutrition Center, LLC para ayudar a apoyar a hombres y mujeres de todas las edades y ense\u00f1ar no s\u00f3lo la importancia de una buena nutrici\u00f3n, sino lo f\u00e1cil que puede ser poner en pr\u00e1ctica opciones saludables y formar h\u00e1bitos de vida duraderos.\"<\/p><p>Mis clientes son el aspecto m\u00e1s importante de mi pr\u00e1ctica y siempre trato de dar lo mejor de m\u00ed para ayudarlos con sus necesidades nutricionales. Mi enfoque es comenzar con el proceso de atenci\u00f3n nutricional de mis clientes, comprender d\u00f3nde se encuentran y utilizar la terapia de nutrici\u00f3n m\u00e9dica (MNT, por sus siglas en ingl\u00e9s) para obtener los resultados deseados.<\/p><p>\u00a0<\/p>\t\t\t\t\t\t\t\t<\/div>\n\t\t\t\t<\/div>\n\t\t\t\t\t<\/div>\n\t\t<\/div>\n\t\t\t\t<div class=\"elementor-column elementor-col-50 elementor-top-column elementor-element elementor-element-80c1178\" data-id=\"80c1178\" data-element_type=\"column\">\n\t\t\t<div class=\"elementor-widget-wrap elementor-element-populated\">\n\t\t\t\t\t\t<div class=\"elementor-element elementor-element-e020bc2 elementor-widget elementor-widget-healthfirst_core_single_image\" data-id=\"e020bc2\" data-element_type=\"widget\" data-widget_type=\"healthfirst_core_single_image.default\">\n\t\t\t\t<div class=\"elementor-widget-container\">\n\t\t\t\t\t<div class=\"qodef-shortcode qodef-m  qodef-single-image qodef-layout--default\">\n\t<div class=\"qodef-m-image\">\n\t\t\t<img decoding=\"async\" src=\"https:\/\/goodnessnutritioncenter.com\/wp-content\/uploads\/2021\/03\/IMG_20220613_234350-1-e1655745244904-400x400.jpg\" alt=\"\" width=\"400\" height=\"400\" \/>\t<\/div>\n<\/div>\n\t\t\t\t<\/div>\n\t\t\t\t<\/div>\n\t\t\t\t<div class=\"elementor-element elementor-element-0ff1529 elementor-widget elementor-widget-healthfirst_core_section_title\" data-id=\"0ff1529\" data-element_type=\"widget\" data-widget_type=\"healthfirst_core_section_title.default\">\n\t\t\t\t<div class=\"elementor-widget-container\">\n\t\t\t\t\t<div class=\"qodef-shortcode qodef-m  qodef-section-title qodef-alignment--left\">\n\t\t\t<h5 class=\"qodef-m-title\" >\n\t\t\t\t\tAcerca de\t\t\t<\/h5>\n\t\t<\/div>\n\t\t\t\t<\/div>\n\t\t\t\t<\/div>\n\t\t\t\t<div class=\"elementor-element elementor-element-f544e98 elementor-widget elementor-widget-text-editor\" data-id=\"f544e98\" data-element_type=\"widget\" data-widget_type=\"text-editor.default\">\n\t\t\t\t<div class=\"elementor-widget-container\">\n\t\t\t\t\t\t\t\t\t<p>Gloria es una apasionada aprendiz de por vida. Ella mejora y ampl\u00eda continuamente sus conocimientos para servir mejor a sus clientes. Ofrece orientaci\u00f3n y asesoramiento a trav\u00e9s de informaci\u00f3n nutricional basada en evidencia y la disposici\u00f3n del paciente para cambiar en combinaci\u00f3n con la tecnolog\u00eda de punta actual.<\/p><p>Su proceso comienza educando y capacitando a los pacientes para que comprendan mejor su situaci\u00f3n de salud actual. Luego los ayuda a establecer metas para mejorar sus vidas a trav\u00e9s de una mejor nutrici\u00f3n y ejercicio. Despu\u00e9s de establecer y confirmar objetivos personales basados en la evaluaci\u00f3n de sus necesidades nutricionales, trabaja con las personas y sus familias para alinearlos y apoyarlos en su capacidad de mantener cambios de comportamiento positivos.<\/p><p>Gloria es originaria de Am\u00e9rica Latina y habla ingl\u00e9s, espa\u00f1ol e italiano con fluidez. Ella comparte su viaje con un esposo amoroso y cuatro hijos maravillosos.<\/p>\t\t\t\t\t\t\t\t<\/div>\n\t\t\t\t<\/div>\n\t\t\t\t<div class=\"elementor-element elementor-element-4267915 elementor-widget elementor-widget-healthfirst_core_section_title\" data-id=\"4267915\" data-element_type=\"widget\" data-widget_type=\"healthfirst_core_section_title.default\">\n\t\t\t\t<div class=\"elementor-widget-container\">\n\t\t\t\t\t<div class=\"qodef-shortcode qodef-m  qodef-section-title qodef-alignment--left\">\n\t\t\t<h6 class=\"qodef-m-title\" >\n\t\t\t\t\tGloria Ochoa-Andia\t\t\t<\/h6>\n\t\t<p class=\"qodef-m-subtitle\" style=\"color: #00000080;margin: 5px 0px\">\n\t\t\t\t\tRDN, LD, CDCES, IBCLC, RLC, LCCE\t\t\t<\/p>\n\t<\/div>\n\t\t\t\t<\/div>\n\t\t\t\t<\/div>\n\t\t\t\t\t<\/div>\n\t\t<\/div>\n\t\t\t\t\t<\/div>\n\t\t<\/section>\n\t\t\t\t<section class=\"elementor-section elementor-top-section elementor-element elementor-element-95e6732 elementor-hidden-mobile elementor-section-boxed elementor-section-height-default elementor-section-height-default qodef-elementor-content-no\" data-id=\"95e6732\" data-element_type=\"section\">\n\t\t\t\t\t\t<div class=\"elementor-container elementor-column-gap-default\">\n\t\t\t\t\t<div class=\"elementor-column elementor-col-100 elementor-top-column elementor-element elementor-element-18eb666\" data-id=\"18eb666\" data-element_type=\"column\">\n\t\t\t<div class=\"elementor-widget-wrap elementor-element-populated\">\n\t\t\t\t\t\t<div class=\"elementor-element elementor-element-01772a2 elementor-widget elementor-widget-qi_addons_for_elementor_call_to_action\" data-id=\"01772a2\" data-element_type=\"widget\" data-widget_type=\"qi_addons_for_elementor_call_to_action.default\">\n\t\t\t\t<div class=\"elementor-widget-container\">\n\t\t\t\t\t<div class=\"qodef-shortcode qodef-m qodef-qi-call-to-action qodef-layout--standard\">\n\t<div class=\"qodef-m-inner\">\n\t\t<div class=\"qodef-m-content\">\n\t\t\t<h5 class=\"qodef-m-title\">\n\t\t\tNunca es tarde para empezar a cuidar tu vida\t\t<\/h5>\n\t\t\t\t<div class=\"qodef-m-text\">\n\t\t\tObtenga su cita hoy y perm\u00edtanos guiarlo hacia su nuevo y mejorado estilo de vida.\t\t<\/div>\n\t<\/div>\n\t\t\t<div class=\"qodef-m-button\">\n\t\t<a class=\"qodef-shortcode qodef-m qodef-qi-button qodef-html--link qodef-layout--filled qodef-type--standard qodef-icon--right qodef-hover--icon-move-horizontal-short\" href=\"https:\/\/goodnessnutritioncenter.com\/es\/contact\/\" target=\"_self\">\t<span class=\"qodef-m-text\">Obtenga su cita<\/span>\t<\/a>\t<\/div>\n\t\t\t<\/div>\n<\/div>\n\t\t\t\t<\/div>\n\t\t\t\t<\/div>\n\t\t\t\t\t<\/div>\n\t\t<\/div>\n\t\t\t\t\t<\/div>\n\t\t<\/section>\n\t\t\t\t<\/div>","protected":false},"excerpt":{"rendered":"<p>Meet Gloria Ochoa-Andia, RDN, LD, CDCES, IBCLC, RLC, LCCE Registered and Certified Nutritionist, Diabetes Educator, Lamaze, and Lactation Consultant MS \u2013 Nutrition, BS \u2013 Psychology Hunter College of the City University of New York My Philosophy I believe that by using the right tools and support you can develop the skills to become healthier, manage [&hellip;]<\/p>","protected":false},"author":1,"featured_media":0,"parent":0,"menu_order":0,"comment_status":"closed","ping_status":"closed","template":"page-full-width.php","meta":{"_monsterinsights_skip_tracking":false,"_monsterinsights_sitenote_active":false,"_monsterinsights_sitenote_note":"","_monsterinsights_sitenote_category":0,"footnotes":""},"class_list":["post-2828","page","type-page","status-publish","hentry"],"_links":{"self":[{"href":"https:\/\/goodnessnutritioncenter.com\/es\/wp-json\/wp\/v2\/pages\/2828","targetHints":{"allow":["GET"]}}],"collection":[{"href":"https:\/\/goodnessnutritioncenter.com\/es\/wp-json\/wp\/v2\/pages"}],"about":[{"href":"https:\/\/goodnessnutritioncenter.com\/es\/wp-json\/wp\/v2\/types\/page"}],"author":[{"embeddable":true,"href":"https:\/\/goodnessnutritioncenter.com\/es\/wp-json\/wp\/v2\/users\/1"}],"replies":[{"embeddable":true,"href":"https:\/\/goodnessnutritioncenter.com\/es\/wp-json\/wp\/v2\/comments?post=2828"}],"version-history":[{"count":20,"href":"https:\/\/goodnessnutritioncenter.com\/es\/wp-json\/wp\/v2\/pages\/2828\/revisions"}],"predecessor-version":[{"id":7848,"href":"https:\/\/goodnessnutritioncenter.com\/es\/wp-json\/wp\/v2\/pages\/2828\/revisions\/7848"}],"wp:attachment":[{"href":"https:\/\/goodnessnutritioncenter.com\/es\/wp-json\/wp\/v2\/media?parent=2828"}],"curies":[{"name":"wp","href":"https:\/\/api.w.org\/{rel}","templated":true}]}}