{"id":6824,"date":"2022-04-06T15:17:04","date_gmt":"2022-04-06T15:17:04","guid":{"rendered":"https:\/\/andresi19.sg-host.com\/?page_id=6824"},"modified":"2024-07-02T14:25:45","modified_gmt":"2024-07-02T14:25:45","slug":"maternal-services","status":"publish","type":"page","link":"https:\/\/goodnessnutritioncenter.com\/es\/maternal-services\/","title":{"rendered":"Servicios Maternales"},"content":{"rendered":"<div data-elementor-type=\"wp-page\" data-elementor-id=\"6824\" class=\"elementor elementor-6824\" data-elementor-post-type=\"page\">\n\t\t\t\t\t\t<section class=\"elementor-section elementor-top-section elementor-element elementor-element-49fe5fa qodef-elementor-content-grid elementor-section-boxed elementor-section-height-default elementor-section-height-default\" data-id=\"49fe5fa\" data-element_type=\"section\">\n\t\t\t\t\t\t<div class=\"elementor-container elementor-column-gap-default\">\n\t\t\t\t\t<div class=\"elementor-column elementor-col-100 elementor-top-column elementor-element elementor-element-c24ad0c\" data-id=\"c24ad0c\" data-element_type=\"column\">\n\t\t\t<div class=\"elementor-widget-wrap elementor-element-populated\">\n\t\t\t\t\t\t<div class=\"elementor-element elementor-element-3685297 elementor-widget__width-initial elementor-widget elementor-widget-healthfirst_core_section_title\" data-id=\"3685297\" data-element_type=\"widget\" data-widget_type=\"healthfirst_core_section_title.default\">\n\t\t\t\t<div class=\"elementor-widget-container\">\n\t\t\t\t\t<div class=\"qodef-shortcode qodef-m  qodef-section-title qodef-alignment--left\">\n\t\t\t<h1 class=\"qodef-m-title\" >\n\t\t\t\t\tAtenci\u00f3n durante el Embarazo, Educaci\u00f3n sobre el Parto y Apoyo a la Lactancia\t\t\t<\/h1>\n\t\t\t<p class=\"qodef-m-text\" >Tener un reci\u00e9n nacido es emocionante y desafiante. Podemos ayudarla a eliminar las conjeturas con una nutrici\u00f3n adecuada, planificaci\u00f3n de comidas, control del estr\u00e9s y del peso, as\u00ed como muchos otros aspectos para lograr un embarazo m\u00e1s saludable.<\/p>\n<\/div>\n\t\t\t\t<\/div>\n\t\t\t\t<\/div>\n\t\t\t\t\t<\/div>\n\t\t<\/div>\n\t\t\t\t\t<\/div>\n\t\t<\/section>\n\t\t\t\t<section class=\"elementor-section elementor-top-section elementor-element elementor-element-5f2f859 qodef-elementor-content-grid elementor-section-boxed elementor-section-height-default elementor-section-height-default\" data-id=\"5f2f859\" data-element_type=\"section\">\n\t\t\t\t\t\t<div class=\"elementor-container elementor-column-gap-default\">\n\t\t\t\t\t<div class=\"elementor-column elementor-col-50 elementor-top-column elementor-element elementor-element-1da5960\" data-id=\"1da5960\" data-element_type=\"column\">\n\t\t\t<div class=\"elementor-widget-wrap elementor-element-populated\">\n\t\t\t\t\t\t<div class=\"elementor-element elementor-element-a093907 elementor-widget elementor-widget-healthfirst_core_section_title\" data-id=\"a093907\" data-element_type=\"widget\" data-widget_type=\"healthfirst_core_section_title.default\">\n\t\t\t\t<div class=\"elementor-widget-container\">\n\t\t\t\t\t<div class=\"qodef-shortcode qodef-m  qodef-section-title qodef-alignment--left\">\n\t\t\t<h4 class=\"qodef-m-title\" >\n\t\t\t\t\tAtenci\u00f3n Prenatal y Postnatal (Sesiones Grupales o Individuales) \t\t\t<\/h4>\n\t\t<\/div>\n\t\t\t\t<\/div>\n\t\t\t\t<\/div>\n\t\t\t\t<div class=\"elementor-element elementor-element-a8d1d03 elementor-widget elementor-widget-text-editor\" data-id=\"a8d1d03\" data-element_type=\"widget\" data-widget_type=\"text-editor.default\">\n\t\t\t\t<div class=\"elementor-widget-container\">\n\t\t\t\t\t\t\t\t\t<p style=\"margin-bottom: 22px; margin-top: -7px;\">Nos especializamos en ayudar a las mujeres que est\u00e1n tratando de quedar embarazadas, a las que ya lo est\u00e1n y a las que acaban de ser madres. Apoyamos a las futuras y nuevas mam\u00e1s proporcionando una gama de servicios desde el pre-embarazo hasta el apoyo a la lactancia, la p\u00e9rdida de peso despu\u00e9s del embarazo, y las clases de parto Lamaze.<\/p><p>Trabajando en estrecha colaboraci\u00f3n con el obstetra-ginec\u00f3logo o especialista en fertilidad de cada cliente para garantizar que todos trabajemos juntos en alineaci\u00f3n hacia los mismos objetivos para un embarazo saludable y feliz y una nueva mam\u00e1.<\/p>\t\t\t\t\t\t\t\t<\/div>\n\t\t\t\t<\/div>\n\t\t\t\t<div class=\"elementor-element elementor-element-27ad1da elementor-widget elementor-widget-healthfirst_core_section_title\" data-id=\"27ad1da\" data-element_type=\"widget\" data-widget_type=\"healthfirst_core_section_title.default\">\n\t\t\t\t<div class=\"elementor-widget-container\">\n\t\t\t\t\t<div class=\"qodef-shortcode qodef-m  qodef-section-title qodef-alignment--left\">\n\t\t\t<h5 class=\"qodef-m-title\" >\n\t\t\t\t\tNuestras sesiones se centrar\u00e1n en:\t\t\t<\/h5>\n\t\t<\/div>\n\t\t\t\t<\/div>\n\t\t\t\t<\/div>\n\t\t\t\t<div class=\"elementor-element elementor-element-6194853 elementor-widget elementor-widget-text-editor\" data-id=\"6194853\" data-element_type=\"widget\" data-widget_type=\"text-editor.default\">\n\t\t\t\t<div class=\"elementor-widget-container\">\n\t\t\t\t\t\t\t\t\t<p style=\"margin-bottom: 40px; margin-top: -7px;\"><strong>Apoyo Nutricional y Salud<\/strong> - Ayudar a mam\u00e1 a mantener una nutrici\u00f3n \u00f3ptima mediante la creaci\u00f3n de planes de alimentaci\u00f3n personalizados y consejos de ejercicio. Al mismo tiempo que brinda educaci\u00f3n sobre las opciones de alimentos y c\u00f3mo manejar una variedad de problemas de salud relacionados con el embarazo, como la diabetes gestacional y la presi\u00f3n arterial alta, entre otros.<\/p><p style=\"margin-bottom: 40px; margin-top: -7px;\"><strong>Apoyo a la lactancia<\/strong> - Le ense\u00f1aremos a usted y a su beb\u00e9 varios m\u00e9todos y t\u00e9cnicas para garantizar el \u00e9xito de la lactancia materna, utilizando herramientas personalizadas para ayudarla a solucionar problemas y abordar sus desaf\u00edos espec\u00edficos y alcanzar sus propias metas \u00fanicas.<\/p><p style=\"margin-bottom: 40px; margin-top: -7px;\">Creemos firmemente que la leche materna, piel con piel (mama canguro) y tomar decisiones informadas sobre el parto son esenciales para desarrollar un excelente sistema inmunol\u00f3gico para los beb\u00e9s. La lactancia materna permite a los padres brindar una experiencia saludable para su beb\u00e9 y disfrutar de estos maravillosos encuentros que no solo beneficiar\u00e1n al beb\u00e9 y a la madre, sino a toda la familia.<\/p><p><span style=\"font-weight: 400;\"><strong>Gesti\u00f3n del sue\u00f1o y el estr\u00e9s<\/strong> - Adaptarse a un reci\u00e9n nacido en la casa puede ser estresante. Aqu\u00ed brindamos consejos y estrategias para controlar el estr\u00e9s y enfocarnos en formas de dormir m\u00e1s, para que pueda disfrutar de su nuevo beb\u00e9.<\/span><\/p><p><span style=\"font-weight: 400;\">Nuestros servicios de Lactancia se ofrecen de forma presencial, o a trav\u00e9s de sesiones online. Actualmente aceptamos la mayor\u00eda de los planes PPO de Anthem, Cigna y BCBS. Utilice el siguiente enlace para <strong>programar y verificar la cobertura de nuestros Servicios de Lactancia<\/strong><\/span><\/p>\t\t\t\t\t\t\t\t<\/div>\n\t\t\t\t<\/div>\n\t\t\t\t<div class=\"elementor-element elementor-element-b93bc58 elementor-widget elementor-widget-healthfirst_core_button\" data-id=\"b93bc58\" data-element_type=\"widget\" data-widget_type=\"healthfirst_core_button.default\">\n\t\t\t\t<div class=\"elementor-widget-container\">\n\t\t\t\t\t<a class=\"qodef-shortcode qodef-m  qodef-button qodef-layout--filled   qodef-html--link qodef-custom-text--color\" href=\"https:\/\/go.lactationnetwork.com\/GoodnessNutritionCenterLLC\" target=\"_blank\" data-hover-color=\"#000000\" data-hover-background-color=\"#DA9D8E\" style=\"color: #000000;background-color: #F9CCC0\" rel=\"noopener\">\n\t<span class=\"qodef-m-text\">Citas para Servicio de Lactancia<\/span>\n<\/a>\n\t\t\t\t<\/div>\n\t\t\t\t<\/div>\n\t\t\t\t\t<\/div>\n\t\t<\/div>\n\t\t\t\t<div class=\"elementor-column elementor-col-50 elementor-top-column elementor-element elementor-element-80c1178\" data-id=\"80c1178\" data-element_type=\"column\">\n\t\t\t<div class=\"elementor-widget-wrap elementor-element-populated\">\n\t\t\t\t\t\t<div class=\"elementor-element elementor-element-e020bc2 elementor-widget elementor-widget-healthfirst_core_single_image\" data-id=\"e020bc2\" data-element_type=\"widget\" data-widget_type=\"healthfirst_core_single_image.default\">\n\t\t\t\t<div class=\"elementor-widget-container\">\n\t\t\t\t\t<div class=\"qodef-shortcode qodef-m  qodef-single-image qodef-layout--default\">\n\t<div class=\"qodef-m-image\">\n\t\t\t<img fetchpriority=\"high\" decoding=\"async\" width=\"1070\" height=\"713\" src=\"https:\/\/goodnessnutritioncenter.com\/wp-content\/uploads\/2022\/06\/image-5.jpg\" class=\"attachment-full size-full\" alt=\"\" srcset=\"https:\/\/goodnessnutritioncenter.com\/wp-content\/uploads\/2022\/06\/image-5.jpg 1070w, https:\/\/goodnessnutritioncenter.com\/wp-content\/uploads\/2022\/06\/image-5-300x200.jpg 300w, https:\/\/goodnessnutritioncenter.com\/wp-content\/uploads\/2022\/06\/image-5-1024x682.jpg 1024w, https:\/\/goodnessnutritioncenter.com\/wp-content\/uploads\/2022\/06\/image-5-768x512.jpg 768w, https:\/\/goodnessnutritioncenter.com\/wp-content\/uploads\/2022\/06\/image-5-18x12.jpg 18w, https:\/\/goodnessnutritioncenter.com\/wp-content\/uploads\/2022\/06\/image-5-600x400.jpg 600w\" sizes=\"(max-width: 1070px) 100vw, 1070px\" \/>\t<\/div>\n<\/div>\n\t\t\t\t<\/div>\n\t\t\t\t<\/div>\n\t\t\t\t<div class=\"elementor-element elementor-element-0ff1529 elementor-widget elementor-widget-healthfirst_core_section_title\" data-id=\"0ff1529\" data-element_type=\"widget\" data-widget_type=\"healthfirst_core_section_title.default\">\n\t\t\t\t<div class=\"elementor-widget-container\">\n\t\t\t\t\t<div class=\"qodef-shortcode qodef-m  qodef-section-title qodef-alignment--left\">\n\t\t\t<h5 class=\"qodef-m-title\" >\n\t\t\t\t\tClase de educaci\u00f3n para el parto: Lamaze\t\t\t<\/h5>\n\t\t\t<p class=\"qodef-m-text\" >Apoya el parto como un proceso normal, natural y saludable. Empodera a las mujeres embarazadas y sus parejas para tomar decisiones informadas.<\/p>\n<\/div>\n\t\t\t\t<\/div>\n\t\t\t\t<\/div>\n\t\t\t\t<div class=\"elementor-element elementor-element-f544e98 elementor-widget elementor-widget-text-editor\" data-id=\"f544e98\" data-element_type=\"widget\" data-widget_type=\"text-editor.default\">\n\t\t\t\t<div class=\"elementor-widget-container\">\n\t\t\t\t\t\t\t\t\t<p style=\"margin-bottom: 22px; margin-top: -7px;\">Una experiencia de aprendizaje interactivo para ayudar a las familias a comprender el proceso del nacimiento y sentirse seguras en la toma de decisiones sobre la fecha de nacimiento de su beb\u00e9. Lamaze ayuda a aumentar la confianza de la madre en su capacidad para dar a luz al proporcionar m\u00e9todos sobre como lidiar con el dolor, de manera que faciliten el trabajo de parto y promuevan la comodidad, incluidas t\u00e9cnicas de relajaci\u00f3n, movimiento y masaje. Gr\u00e1fico gratuito de \u201c6 pr\u00e1cticas de parto saludables\u201d para descargar.<\/p><p>Cubriremos estrategias para que usted logre la experiencia de parto seguro y saludable que desea. \u00a1Funciona muy bien con todos los planes de parto!<\/p><p>Para obtener m\u00e1s informaci\u00f3n sobre cu\u00e1ndo ser\u00e1n nuestras pr\u00f3ximas clases, haga clic en el siguiente enlace:\u00a0<\/p>\t\t\t\t\t\t\t\t<\/div>\n\t\t\t\t<\/div>\n\t\t\t\t<div class=\"elementor-element elementor-element-24c3909 elementor-widget elementor-widget-healthfirst_core_button\" data-id=\"24c3909\" data-element_type=\"widget\" data-widget_type=\"healthfirst_core_button.default\">\n\t\t\t\t<div class=\"elementor-widget-container\">\n\t\t\t\t\t<a class=\"qodef-shortcode qodef-m  qodef-button qodef-layout--filled   qodef-html--link qodef-custom-text--color\" href=\"https:\/\/secure.gethealthie.com\/appointments\/embed_appt?dietitian_id=524068&#038;provider_ids=%5B524068%5D&#038;appt_type_ids=%5B119841,119842,119843,126567,136866%5D\" target=\"_blank\" data-hover-color=\"#000000\" data-hover-background-color=\"#DA9D8E\" style=\"color: #000000;background-color: #F9CCC0\" rel=\"noopener\">\n\t<span class=\"qodef-m-text\">Clases de Lamaze<\/span>\n<\/a>\n\t\t\t\t<\/div>\n\t\t\t\t<\/div>\n\t\t\t\t\t<\/div>\n\t\t<\/div>\n\t\t\t\t\t<\/div>\n\t\t<\/section>\n\t\t\t\t<section class=\"elementor-section elementor-top-section elementor-element elementor-element-68e86f57 elementor-hidden-mobile elementor-section-boxed elementor-section-height-default elementor-section-height-default qodef-elementor-content-no\" data-id=\"68e86f57\" data-element_type=\"section\">\n\t\t\t\t\t\t<div class=\"elementor-container elementor-column-gap-default\">\n\t\t\t\t\t<div class=\"elementor-column elementor-col-100 elementor-top-column elementor-element elementor-element-69781dd5\" data-id=\"69781dd5\" data-element_type=\"column\">\n\t\t\t<div class=\"elementor-widget-wrap elementor-element-populated\">\n\t\t\t\t\t\t<div class=\"elementor-element elementor-element-53156baa elementor-widget elementor-widget-qi_addons_for_elementor_call_to_action\" data-id=\"53156baa\" data-element_type=\"widget\" data-widget_type=\"qi_addons_for_elementor_call_to_action.default\">\n\t\t\t\t<div class=\"elementor-widget-container\">\n\t\t\t\t\t<div class=\"qodef-shortcode qodef-m qodef-qi-call-to-action qodef-layout--standard\">\n\t<div class=\"qodef-m-inner\">\n\t\t<div class=\"qodef-m-content\">\n\t\t\t<h5 class=\"qodef-m-title\">\n\t\t\tJuntos podemos lograr una vida m\u00e1s saludable para ti y tu familia.\t\t<\/h5>\n\t\t\t\t<div class=\"qodef-m-text\">\n\t\t\tEnv\u00ede un mensaje hoy y podr\u00edamos estar comenzando su camino hacia una vida saludable.\t\t<\/div>\n\t<\/div>\n\t\t\t<div class=\"qodef-m-button\">\n\t\t<a class=\"qodef-shortcode qodef-m qodef-qi-button qodef-html--link qodef-layout--filled qodef-type--standard qodef-icon--right qodef-hover--icon-move-horizontal-short\" href=\"\/es\/contact\/\" target=\"_self\">\t<span class=\"qodef-m-text\">Cont\u00e1ctanos<\/span>\t<\/a>\t<\/div>\n\t\t\t<\/div>\n<\/div>\n\t\t\t\t<\/div>\n\t\t\t\t<\/div>\n\t\t\t\t\t<\/div>\n\t\t<\/div>\n\t\t\t\t\t<\/div>\n\t\t<\/section>\n\t\t\t\t<\/div>","protected":false},"excerpt":{"rendered":"<p>Pregnancy Care, Childbirth education &amp; Lactation support Having a Newborn is Both Exciting and Challenging. We can help you take the guesswork out with adequate nutrition, meal planning, stress and weight management, as well as, many other aspects of achieving a healthier pregnancy. Prenatal and Postnatal Care (Group or Individual Sessions) We specialize in helping [&hellip;]<\/p>","protected":false},"author":1,"featured_media":0,"parent":0,"menu_order":0,"comment_status":"closed","ping_status":"closed","template":"","meta":{"_monsterinsights_skip_tracking":false,"_monsterinsights_sitenote_active":false,"_monsterinsights_sitenote_note":"","_monsterinsights_sitenote_category":0,"footnotes":""},"class_list":["post-6824","page","type-page","status-publish","hentry"],"_links":{"self":[{"href":"https:\/\/goodnessnutritioncenter.com\/es\/wp-json\/wp\/v2\/pages\/6824","targetHints":{"allow":["GET"]}}],"collection":[{"href":"https:\/\/goodnessnutritioncenter.com\/es\/wp-json\/wp\/v2\/pages"}],"about":[{"href":"https:\/\/goodnessnutritioncenter.com\/es\/wp-json\/wp\/v2\/types\/page"}],"author":[{"embeddable":true,"href":"https:\/\/goodnessnutritioncenter.com\/es\/wp-json\/wp\/v2\/users\/1"}],"replies":[{"embeddable":true,"href":"https:\/\/goodnessnutritioncenter.com\/es\/wp-json\/wp\/v2\/comments?post=6824"}],"version-history":[{"count":55,"href":"https:\/\/goodnessnutritioncenter.com\/es\/wp-json\/wp\/v2\/pages\/6824\/revisions"}],"predecessor-version":[{"id":7698,"href":"https:\/\/goodnessnutritioncenter.com\/es\/wp-json\/wp\/v2\/pages\/6824\/revisions\/7698"}],"wp:attachment":[{"href":"https:\/\/goodnessnutritioncenter.com\/es\/wp-json\/wp\/v2\/media?parent=6824"}],"curies":[{"name":"wp","href":"https:\/\/api.w.org\/{rel}","templated":true}]}}