{"id":6876,"date":"2022-04-12T20:15:35","date_gmt":"2022-04-12T20:15:35","guid":{"rendered":"https:\/\/andresi19.sg-host.com\/?page_id=6876"},"modified":"2024-07-02T14:21:30","modified_gmt":"2024-07-02T14:21:30","slug":"diabetes-management","status":"publish","type":"page","link":"https:\/\/goodnessnutritioncenter.com\/es\/diabetes-management\/","title":{"rendered":"Control de diabetes"},"content":{"rendered":"<div data-elementor-type=\"wp-page\" data-elementor-id=\"6876\" class=\"elementor elementor-6876\" data-elementor-post-type=\"page\">\n\t\t\t\t\t\t<section class=\"elementor-section elementor-top-section elementor-element elementor-element-49fe5fa qodef-elementor-content-grid elementor-section-boxed elementor-section-height-default elementor-section-height-default\" data-id=\"49fe5fa\" data-element_type=\"section\">\n\t\t\t\t\t\t<div class=\"elementor-container elementor-column-gap-default\">\n\t\t\t\t\t<div class=\"elementor-column elementor-col-100 elementor-top-column elementor-element elementor-element-c24ad0c\" data-id=\"c24ad0c\" data-element_type=\"column\">\n\t\t\t<div class=\"elementor-widget-wrap elementor-element-populated\">\n\t\t\t\t\t\t<div class=\"elementor-element elementor-element-3685297 elementor-widget__width-initial elementor-widget elementor-widget-healthfirst_core_section_title\" data-id=\"3685297\" data-element_type=\"widget\" data-widget_type=\"healthfirst_core_section_title.default\">\n\t\t\t\t<div class=\"elementor-widget-container\">\n\t\t\t\t\t<div class=\"qodef-shortcode qodef-m  qodef-section-title qodef-alignment--left\">\n\t\t\t<h1 class=\"qodef-m-title\" >\n\t\t\t\t\tControl de diabetes\t\t\t<\/h1>\n\t\t\t<p class=\"qodef-m-text\" >Controlar la diabetes significa controlar su nivel de az\u00facar en la sangre. Lo que comes est\u00e1 estrechamente relacionado con la cantidad de az\u00facar en tu sangre. La elecci\u00f3n correcta de alimentos lo ayudar\u00e1 a controlar su nivel de az\u00facar en la sangre. Aqu\u00ed hay un gran recurso para obtener m\u00e1s informaci\u00f3n sobre la creciente epidemia de diabetes en Estados Unidos: PBS - Documental sobre el aumento del az\u00facar en la sangre.<\/p>\n<\/div>\n\t\t\t\t<\/div>\n\t\t\t\t<\/div>\n\t\t\t\t\t<\/div>\n\t\t<\/div>\n\t\t\t\t\t<\/div>\n\t\t<\/section>\n\t\t\t\t<section class=\"elementor-section elementor-top-section elementor-element elementor-element-5f2f859 qodef-elementor-content-grid elementor-section-boxed elementor-section-height-default elementor-section-height-default\" data-id=\"5f2f859\" data-element_type=\"section\">\n\t\t\t\t\t\t<div class=\"elementor-container elementor-column-gap-default\">\n\t\t\t\t\t<div class=\"elementor-column elementor-col-50 elementor-top-column elementor-element elementor-element-1da5960\" data-id=\"1da5960\" data-element_type=\"column\">\n\t\t\t<div class=\"elementor-widget-wrap elementor-element-populated\">\n\t\t\t\t\t\t<div class=\"elementor-element elementor-element-a093907 elementor-widget elementor-widget-healthfirst_core_section_title\" data-id=\"a093907\" data-element_type=\"widget\" data-widget_type=\"healthfirst_core_section_title.default\">\n\t\t\t\t<div class=\"elementor-widget-container\">\n\t\t\t\t\t<div class=\"qodef-shortcode qodef-m  qodef-section-title qodef-alignment--left\">\n\t\t\t<h4 class=\"qodef-m-title\" >\n\t\t\t\t\tEducaci\u00f3n diab\u00e9tica\t\t\t<\/h4>\n\t\t<\/div>\n\t\t\t\t<\/div>\n\t\t\t\t<\/div>\n\t\t\t\t<div class=\"elementor-element elementor-element-a8d1d03 elementor-widget elementor-widget-text-editor\" data-id=\"a8d1d03\" data-element_type=\"widget\" data-widget_type=\"text-editor.default\">\n\t\t\t\t<div class=\"elementor-widget-container\">\n\t\t\t\t\t\t\t\t\t<p style=\"margin-bottom: 22px; margin-top: -7px;\"><span style=\"font-weight: 400;\">Aprenda c\u00f3mo la nutrici\u00f3n, el ejercicio, el control de la glucosa en sangre y los medicamentos pueden ayudarlo a controlar su diabetes y permitirle vivir una vida plena y saludable.<\/span><\/p>\t\t\t\t\t\t\t\t<\/div>\n\t\t\t\t<\/div>\n\t\t\t\t<div class=\"elementor-element elementor-element-3f950f2 elementor-widget elementor-widget-healthfirst_core_section_title\" data-id=\"3f950f2\" data-element_type=\"widget\" data-widget_type=\"healthfirst_core_section_title.default\">\n\t\t\t\t<div class=\"elementor-widget-container\">\n\t\t\t\t\t<div class=\"qodef-shortcode qodef-m  qodef-section-title qodef-alignment--left\">\n\t\t\t<h4 class=\"qodef-m-title\" >\n\t\t\t\t\tPrediabetes, resistencia a la insulina y s\u00edndrome metab\u00f3lico\t\t\t<\/h4>\n\t\t<\/div>\n\t\t\t\t<\/div>\n\t\t\t\t<\/div>\n\t\t\t\t<div class=\"elementor-element elementor-element-6194853 elementor-widget elementor-widget-text-editor\" data-id=\"6194853\" data-element_type=\"widget\" data-widget_type=\"text-editor.default\">\n\t\t\t\t<div class=\"elementor-widget-container\">\n\t\t\t\t\t\t\t\t\t<p>Si le han diagnosticado alguna de estas afecciones, tiene riesgo de diabetes tipo 2. Pide cita Te ense\u00f1aremos c\u00f3mo puedes retrasar o prevenir la aparici\u00f3n de la Diabetes Tipo 2.<\/p>\t\t\t\t\t\t\t\t<\/div>\n\t\t\t\t<\/div>\n\t\t\t\t<div class=\"elementor-element elementor-element-cb273e5 elementor-widget elementor-widget-healthfirst_core_section_title\" data-id=\"cb273e5\" data-element_type=\"widget\" data-widget_type=\"healthfirst_core_section_title.default\">\n\t\t\t\t<div class=\"elementor-widget-container\">\n\t\t\t\t\t<div class=\"qodef-shortcode qodef-m  qodef-section-title qodef-alignment--left\">\n\t\t\t<h4 class=\"qodef-m-title\" >\n\t\t\t\t\tDiabetes gestacional\t\t\t<\/h4>\n\t\t<\/div>\n\t\t\t\t<\/div>\n\t\t\t\t<\/div>\n\t\t\t\t<div class=\"elementor-element elementor-element-3076cf5 elementor-widget elementor-widget-text-editor\" data-id=\"3076cf5\" data-element_type=\"widget\" data-widget_type=\"text-editor.default\">\n\t\t\t\t<div class=\"elementor-widget-container\">\n\t\t\t\t\t\t\t\t\t<p>Para futuras madres diagnosticadas con diabetes gestacional y\/o presi\u00f3n arterial. Tendr\u00e1 un plan de comidas personalizado y un conocimiento profundo sobre c\u00f3mo manejar, controlar o prevenir complicaciones.<\/p>\t\t\t\t\t\t\t\t<\/div>\n\t\t\t\t<\/div>\n\t\t\t\t\t<\/div>\n\t\t<\/div>\n\t\t\t\t<div class=\"elementor-column elementor-col-50 elementor-top-column elementor-element elementor-element-80c1178\" data-id=\"80c1178\" data-element_type=\"column\">\n\t\t\t<div class=\"elementor-widget-wrap elementor-element-populated\">\n\t\t\t\t\t\t<div class=\"elementor-element elementor-element-e020bc2 elementor-widget elementor-widget-healthfirst_core_single_image\" data-id=\"e020bc2\" data-element_type=\"widget\" data-widget_type=\"healthfirst_core_single_image.default\">\n\t\t\t\t<div class=\"elementor-widget-container\">\n\t\t\t\t\t<div class=\"qodef-shortcode qodef-m  qodef-single-image qodef-layout--default\">\n\t<div class=\"qodef-m-image\">\n\t\t\t<img fetchpriority=\"high\" decoding=\"async\" width=\"1280\" height=\"853\" src=\"https:\/\/goodnessnutritioncenter.com\/wp-content\/uploads\/2022\/04\/pexels-photomix-company-1001897.jpg\" class=\"attachment-full size-full\" alt=\"\" srcset=\"https:\/\/goodnessnutritioncenter.com\/wp-content\/uploads\/2022\/04\/pexels-photomix-company-1001897.jpg 1280w, https:\/\/goodnessnutritioncenter.com\/wp-content\/uploads\/2022\/04\/pexels-photomix-company-1001897-300x200.jpg 300w, https:\/\/goodnessnutritioncenter.com\/wp-content\/uploads\/2022\/04\/pexels-photomix-company-1001897-1024x682.jpg 1024w, https:\/\/goodnessnutritioncenter.com\/wp-content\/uploads\/2022\/04\/pexels-photomix-company-1001897-768x512.jpg 768w\" sizes=\"(max-width: 1280px) 100vw, 1280px\" \/>\t<\/div>\n<\/div>\n\t\t\t\t<\/div>\n\t\t\t\t<\/div>\n\t\t\t\t<div class=\"elementor-element elementor-element-0ff1529 elementor-widget elementor-widget-healthfirst_core_section_title\" data-id=\"0ff1529\" data-element_type=\"widget\" data-widget_type=\"healthfirst_core_section_title.default\">\n\t\t\t\t<div class=\"elementor-widget-container\">\n\t\t\t\t\t<div class=\"qodef-shortcode qodef-m  qodef-section-title qodef-alignment--left\">\n\t\t\t<h5 class=\"qodef-m-title\" >\n\t\t\t\t\tSOP (S\u00edndrome de Ovario Poliqu\u00edstico)\t\t\t<\/h5>\n\t\t<\/div>\n\t\t\t\t<\/div>\n\t\t\t\t<\/div>\n\t\t\t\t<div class=\"elementor-element elementor-element-f544e98 elementor-widget elementor-widget-text-editor\" data-id=\"f544e98\" data-element_type=\"widget\" data-widget_type=\"text-editor.default\">\n\t\t\t\t<div class=\"elementor-widget-container\">\n\t\t\t\t\t\t\t\t\t<p><span style=\"font-weight: 400;\">Para mujeres en edad f\u00e9rtil, aprenda c\u00f3mo y por qu\u00e9 controlar los carbohidratos, aumentar la actividad f\u00edsica y controlar el estr\u00e9s. Esto puede ayudar a prevenir la diabetes, las enfermedades card\u00edacas, el colesterol alto, la presi\u00f3n arterial alta y la apnea del sue\u00f1o.<\/span><\/p><p><span style=\"font-weight: 400;\">Para saber m\u00e1s visita:<\/span><\/p><p><a href=\"https:\/\/www.womenshealth.gov\/a-z-topics\/polycystic-ovary-syndrome\" target=\"_blank\" rel=\"noopener\"><span style=\"font-weight: 400;\">womenshealth.gov<\/span><\/a><\/p>\t\t\t\t\t\t\t\t<\/div>\n\t\t\t\t<\/div>\n\t\t\t\t<div class=\"elementor-element elementor-element-24c3909 elementor-widget elementor-widget-healthfirst_core_button\" data-id=\"24c3909\" data-element_type=\"widget\" data-widget_type=\"healthfirst_core_button.default\">\n\t\t\t\t<div class=\"elementor-widget-container\">\n\t\t\t\t\t<a class=\"qodef-shortcode qodef-m  qodef-button qodef-layout--filled   qodef-html--link qodef-custom-text--color\" href=\"https:\/\/secure.gethealthie.com\/appointments\/embed_appt?dietitian_id=524068&#038;provider_ids=%5B524068%5D&#038;appt_type_ids=%5B119841,119842,119843,126567,136866%5D\" target=\"_self\" data-hover-color=\"#000000\" data-hover-background-color=\"#DA9D8E\" style=\"color: #000000;background-color: #F9CCC0\" rel=\"noopener\">\n\t<span class=\"qodef-m-text\">Obtenga su cita<\/span>\n<\/a>\n\t\t\t\t<\/div>\n\t\t\t\t<\/div>\n\t\t\t\t\t<\/div>\n\t\t<\/div>\n\t\t\t\t\t<\/div>\n\t\t<\/section>\n\t\t\t\t<section class=\"elementor-section elementor-top-section elementor-element elementor-element-10ffca4c elementor-hidden-mobile elementor-section-boxed elementor-section-height-default elementor-section-height-default qodef-elementor-content-no\" data-id=\"10ffca4c\" data-element_type=\"section\">\n\t\t\t\t\t\t<div class=\"elementor-container elementor-column-gap-default\">\n\t\t\t\t\t<div class=\"elementor-column elementor-col-100 elementor-top-column elementor-element elementor-element-7ccc6444\" data-id=\"7ccc6444\" data-element_type=\"column\">\n\t\t\t<div class=\"elementor-widget-wrap elementor-element-populated\">\n\t\t\t\t\t\t<div class=\"elementor-element elementor-element-57578320 elementor-widget elementor-widget-qi_addons_for_elementor_call_to_action\" data-id=\"57578320\" data-element_type=\"widget\" data-widget_type=\"qi_addons_for_elementor_call_to_action.default\">\n\t\t\t\t<div class=\"elementor-widget-container\">\n\t\t\t\t\t<div class=\"qodef-shortcode qodef-m qodef-qi-call-to-action qodef-layout--standard\">\n\t<div class=\"qodef-m-inner\">\n\t\t<div class=\"qodef-m-content\">\n\t\t\t<h5 class=\"qodef-m-title\">\n\t\t\tJuntos podemos lograr una vida m\u00e1s saludable para ti y tu familia.\t\t<\/h5>\n\t\t\t\t<div class=\"qodef-m-text\">\n\t\t\tEnv\u00ede un mensaje hoy y podr\u00edamos estar comenzando su camino hacia una vida saludable.\t\t<\/div>\n\t<\/div>\n\t\t\t<div class=\"qodef-m-button\">\n\t\t<a class=\"qodef-shortcode qodef-m qodef-qi-button qodef-html--link qodef-layout--filled qodef-type--standard qodef-icon--right qodef-hover--icon-move-horizontal-short\" href=\"https:\/\/goodnessnutritioncenter.com\/es\/contact\/\" target=\"_self\">\t<span class=\"qodef-m-text\">Cont\u00e1ctanos hoy<\/span>\t<\/a>\t<\/div>\n\t\t\t<\/div>\n<\/div>\n\t\t\t\t<\/div>\n\t\t\t\t<\/div>\n\t\t\t\t\t<\/div>\n\t\t<\/div>\n\t\t\t\t\t<\/div>\n\t\t<\/section>\n\t\t\t\t<\/div>","protected":false},"excerpt":{"rendered":"<p>Diabetes Management Managing diabetes means managing your blood sugar level. What you eat is closely connected to the amount of sugar in your blood. The right food choices will help you control your blood sugar level. Here is a great resource to further learn about the rising epidemic of Diabetes in America: PBS \u2013 Blood [&hellip;]<\/p>","protected":false},"author":2,"featured_media":0,"parent":0,"menu_order":0,"comment_status":"closed","ping_status":"closed","template":"","meta":{"_monsterinsights_skip_tracking":false,"_monsterinsights_sitenote_active":false,"_monsterinsights_sitenote_note":"","_monsterinsights_sitenote_category":0,"footnotes":""},"class_list":["post-6876","page","type-page","status-publish","hentry"],"_links":{"self":[{"href":"https:\/\/goodnessnutritioncenter.com\/es\/wp-json\/wp\/v2\/pages\/6876","targetHints":{"allow":["GET"]}}],"collection":[{"href":"https:\/\/goodnessnutritioncenter.com\/es\/wp-json\/wp\/v2\/pages"}],"about":[{"href":"https:\/\/goodnessnutritioncenter.com\/es\/wp-json\/wp\/v2\/types\/page"}],"author":[{"embeddable":true,"href":"https:\/\/goodnessnutritioncenter.com\/es\/wp-json\/wp\/v2\/users\/2"}],"replies":[{"embeddable":true,"href":"https:\/\/goodnessnutritioncenter.com\/es\/wp-json\/wp\/v2\/comments?post=6876"}],"version-history":[{"count":41,"href":"https:\/\/goodnessnutritioncenter.com\/es\/wp-json\/wp\/v2\/pages\/6876\/revisions"}],"predecessor-version":[{"id":7636,"href":"https:\/\/goodnessnutritioncenter.com\/es\/wp-json\/wp\/v2\/pages\/6876\/revisions\/7636"}],"wp:attachment":[{"href":"https:\/\/goodnessnutritioncenter.com\/es\/wp-json\/wp\/v2\/media?parent=6876"}],"curies":[{"name":"wp","href":"https:\/\/api.w.org\/{rel}","templated":true}]}}