{"id":6889,"date":"2022-04-12T21:11:58","date_gmt":"2022-04-12T21:11:58","guid":{"rendered":"https:\/\/andresi19.sg-host.com\/?page_id=6889"},"modified":"2024-07-02T19:39:08","modified_gmt":"2024-07-02T19:39:08","slug":"weight-management","status":"publish","type":"page","link":"https:\/\/goodnessnutritioncenter.com\/es\/weight-management\/","title":{"rendered":"Gesti\u00f3n del peso"},"content":{"rendered":"<div data-elementor-type=\"wp-page\" data-elementor-id=\"6889\" class=\"elementor elementor-6889\" data-elementor-post-type=\"page\">\n\t\t\t\t\t\t<section class=\"elementor-section elementor-top-section elementor-element elementor-element-49fe5fa qodef-elementor-content-grid elementor-section-boxed elementor-section-height-default elementor-section-height-default\" data-id=\"49fe5fa\" data-element_type=\"section\">\n\t\t\t\t\t\t<div class=\"elementor-container elementor-column-gap-default\">\n\t\t\t\t\t<div class=\"elementor-column elementor-col-100 elementor-top-column elementor-element elementor-element-c24ad0c\" data-id=\"c24ad0c\" data-element_type=\"column\">\n\t\t\t<div class=\"elementor-widget-wrap elementor-element-populated\">\n\t\t\t\t\t\t<div class=\"elementor-element elementor-element-3685297 elementor-widget__width-initial elementor-widget elementor-widget-healthfirst_core_section_title\" data-id=\"3685297\" data-element_type=\"widget\" data-widget_type=\"healthfirst_core_section_title.default\">\n\t\t\t\t<div class=\"elementor-widget-container\">\n\t\t\t\t\t<div class=\"qodef-shortcode qodef-m  qodef-section-title qodef-alignment--left\">\n\t\t\t<h1 class=\"qodef-m-title\" >\n\t\t\t\t\tGesti\u00f3n del peso\t\t\t<\/h1>\n\t\t\t<p class=\"qodef-m-text\" >\u00a1Pierde peso mientras aprendes a cambiar tu relaci\u00f3n con la comida! Creamos nuestras estrategias usando Terapia de Nutrici\u00f3n M\u00e9dica basada en evidencia.<\/p>\n<\/div>\n\t\t\t\t<\/div>\n\t\t\t\t<\/div>\n\t\t\t\t\t<\/div>\n\t\t<\/div>\n\t\t\t\t\t<\/div>\n\t\t<\/section>\n\t\t\t\t<section class=\"elementor-section elementor-top-section elementor-element elementor-element-5f2f859 qodef-elementor-content-grid elementor-section-boxed elementor-section-height-default elementor-section-height-default\" data-id=\"5f2f859\" data-element_type=\"section\">\n\t\t\t\t\t\t<div class=\"elementor-container elementor-column-gap-default\">\n\t\t\t\t\t<div class=\"elementor-column elementor-col-50 elementor-top-column elementor-element elementor-element-1da5960\" data-id=\"1da5960\" data-element_type=\"column\">\n\t\t\t<div class=\"elementor-widget-wrap elementor-element-populated\">\n\t\t\t\t\t\t<div class=\"elementor-element elementor-element-a093907 elementor-widget elementor-widget-healthfirst_core_section_title\" data-id=\"a093907\" data-element_type=\"widget\" data-widget_type=\"healthfirst_core_section_title.default\">\n\t\t\t\t<div class=\"elementor-widget-container\">\n\t\t\t\t\t<div class=\"qodef-shortcode qodef-m  qodef-section-title qodef-alignment--left\">\n\t\t\t<h4 class=\"qodef-m-title\" >\n\t\t\t\t\tEvaluaci\u00f3n inicial\t\t\t<\/h4>\n\t\t<\/div>\n\t\t\t\t<\/div>\n\t\t\t\t<\/div>\n\t\t\t\t<div class=\"elementor-element elementor-element-a8d1d03 elementor-widget elementor-widget-text-editor\" data-id=\"a8d1d03\" data-element_type=\"widget\" data-widget_type=\"text-editor.default\">\n\t\t\t\t<div class=\"elementor-widget-container\">\n\t\t\t\t\t\t\t\t\t<p><span style=\"font-weight: 400;\">La evaluaci\u00f3n inicial es una oportunidad para discutir profundamente su relaci\u00f3n con la comida y el ejercicio para establecer una l\u00ednea de base a partir de la cual trabajar. Se incluye un historial m\u00e9dico completo, preguntas nutricionales, inquietudes y una revisi\u00f3n de su diario de alimentos reciente. La opci\u00f3n de prueba de an\u00e1lisis de composici\u00f3n corporal utiliza la \u00faltima tecnolog\u00eda SECA mBCA.\u00a0<\/span><\/p><ul><li><span style=\"font-weight: 400;\">Obtener datos Bioqu\u00edmicos y Medidas Antropom\u00e9tricas<\/span><\/li><li><span style=\"font-weight: 400;\">Revisi\u00f3n del cuestionario nutricional<\/span><\/li><li><span style=\"font-weight: 400;\">Retiro de alimentos de 24 horas<\/span><\/li><li><span style=\"font-weight: 400;\">Evaluaci\u00f3n de objetivos y descubrimiento de barreras<\/span><\/li><li><span style=\"font-weight: 400;\">Prueba de an\u00e1lisis de composici\u00f3n corporal administrada<\/span><\/li><li><span style=\"font-weight: 400;\">Visitas de seguimiento<\/span><\/li><\/ul><p><span style=\"font-weight: 400;\">Recomendado 3-6 semanas despu\u00e9s de la evaluaci\u00f3n inicial. En este momento, revisaremos su progreso en detalle y discutiremos los \u00e9xitos y desaf\u00edos espec\u00edficos con el plan. De acuerdo con sus necesidades, progreso y objetivos personales, nos centraremos en uno o dos de los siguientes:<\/span><\/p><ul><li><span style=\"font-weight: 400;\">Un plan de alimentaci\u00f3n y ejercicio personalizado.<\/span><\/li><li><span style=\"font-weight: 400;\">Revisi\u00f3n de los resultados del an\u00e1lisis de composici\u00f3n corporal<\/span><\/li><li><span style=\"font-weight: 400;\">Estrategias de manejo del estr\u00e9s que se adaptan a usted<\/span><\/li><li><span style=\"font-weight: 400;\">Seguimiento y responsabilidad<\/span><\/li><li><span style=\"font-weight: 400;\">Revisi\u00f3n semanal del diario de alimentos y soporte por correo electr\u00f3nico<\/span><\/li><\/ul><p><span style=\"font-weight: 400;\">Se pueden agregar modificaciones nutricionales y de estilo de vida adicionales para ayudarlo no solo a alcanzar el estilo de vida saludable que se merece, sino tambi\u00e9n a mantenerlo.<\/span><\/p>\t\t\t\t\t\t\t\t<\/div>\n\t\t\t\t<\/div>\n\t\t\t\t\t<\/div>\n\t\t<\/div>\n\t\t\t\t<div class=\"elementor-column elementor-col-50 elementor-top-column elementor-element elementor-element-80c1178\" data-id=\"80c1178\" data-element_type=\"column\">\n\t\t\t<div class=\"elementor-widget-wrap elementor-element-populated\">\n\t\t\t\t\t\t<div class=\"elementor-element elementor-element-e020bc2 elementor-widget elementor-widget-healthfirst_core_single_image\" data-id=\"e020bc2\" data-element_type=\"widget\" data-widget_type=\"healthfirst_core_single_image.default\">\n\t\t\t\t<div class=\"elementor-widget-container\">\n\t\t\t\t\t<div class=\"qodef-shortcode qodef-m  qodef-single-image qodef-layout--default\">\n\t<div class=\"qodef-m-image\">\n\t\t\t<img fetchpriority=\"high\" decoding=\"async\" width=\"1280\" height=\"853\" src=\"https:\/\/goodnessnutritioncenter.com\/wp-content\/uploads\/2024\/07\/pexels-mart-production-8846271.webp\" class=\"attachment-full size-full\" alt=\"\" srcset=\"https:\/\/goodnessnutritioncenter.com\/wp-content\/uploads\/2024\/07\/pexels-mart-production-8846271.webp 1280w, https:\/\/goodnessnutritioncenter.com\/wp-content\/uploads\/2024\/07\/pexels-mart-production-8846271-300x200.webp 300w, https:\/\/goodnessnutritioncenter.com\/wp-content\/uploads\/2024\/07\/pexels-mart-production-8846271-1024x682.webp 1024w, https:\/\/goodnessnutritioncenter.com\/wp-content\/uploads\/2024\/07\/pexels-mart-production-8846271-768x512.webp 768w, https:\/\/goodnessnutritioncenter.com\/wp-content\/uploads\/2024\/07\/pexels-mart-production-8846271-18x12.webp 18w\" sizes=\"(max-width: 1280px) 100vw, 1280px\" \/>\t<\/div>\n<\/div>\n\t\t\t\t<\/div>\n\t\t\t\t<\/div>\n\t\t\t\t<div class=\"elementor-element elementor-element-0ff1529 elementor-widget elementor-widget-healthfirst_core_section_title\" data-id=\"0ff1529\" data-element_type=\"widget\" data-widget_type=\"healthfirst_core_section_title.default\">\n\t\t\t\t<div class=\"elementor-widget-container\">\n\t\t\t\t\t<div class=\"qodef-shortcode qodef-m  qodef-section-title qodef-alignment--left\">\n\t\t\t<h5 class=\"qodef-m-title\" >\n\t\t\t\t\tServicios bari\u00e1tricos\t\t\t<\/h5>\n\t\t<\/div>\n\t\t\t\t<\/div>\n\t\t\t\t<\/div>\n\t\t\t\t<div class=\"elementor-element elementor-element-f544e98 elementor-widget elementor-widget-text-editor\" data-id=\"f544e98\" data-element_type=\"widget\" data-widget_type=\"text-editor.default\">\n\t\t\t\t<div class=\"elementor-widget-container\">\n\t\t\t\t\t\t\t\t\t<p><span style=\"font-weight: 400;\">Podemos ayudarlo a desarrollar planes de comidas y las habilidades que necesita para crear nuevos h\u00e1bitos antes y despu\u00e9s de su cirug\u00eda. Si bien la cirug\u00eda cambiar\u00e1 su est\u00f3mago, podemos ayudarlo a cambiar su mentalidad para que su cirug\u00eda sea un \u00e9xito.<\/span><\/p><p><span style=\"font-weight: 400;\">Podemos desarrollar planes de comidas de acuerdo a las necesidades individuales antes y despu\u00e9s de la Cirug\u00eda Bari\u00e1trica.<\/span><\/p>\t\t\t\t\t\t\t\t<\/div>\n\t\t\t\t<\/div>\n\t\t\t\t<div class=\"elementor-element elementor-element-24c3909 elementor-widget elementor-widget-healthfirst_core_button\" data-id=\"24c3909\" data-element_type=\"widget\" data-widget_type=\"healthfirst_core_button.default\">\n\t\t\t\t<div class=\"elementor-widget-container\">\n\t\t\t\t\t<a class=\"qodef-shortcode qodef-m  qodef-button qodef-layout--filled   qodef-html--link qodef-custom-text--color\" href=\"https:\/\/secure.gethealthie.com\/appointments\/embed_appt?dietitian_id=524068&#038;provider_ids=%5B524068%5D&#038;appt_type_ids=%5B119841,119842,119843,126567,136866%5D\" target=\"_self\" data-hover-color=\"#000000\" data-hover-background-color=\"#DA9D8E\" style=\"color: #000000;background-color: #F9CCC0\" rel=\"noopener\">\n\t<span class=\"qodef-m-text\">Programe su primera visita<\/span>\n<\/a>\n\t\t\t\t<\/div>\n\t\t\t\t<\/div>\n\t\t\t\t\t<\/div>\n\t\t<\/div>\n\t\t\t\t\t<\/div>\n\t\t<\/section>\n\t\t\t\t<section class=\"elementor-section elementor-top-section elementor-element elementor-element-57ff62ef elementor-hidden-mobile elementor-section-boxed elementor-section-height-default elementor-section-height-default qodef-elementor-content-no\" data-id=\"57ff62ef\" data-element_type=\"section\">\n\t\t\t\t\t\t<div class=\"elementor-container elementor-column-gap-default\">\n\t\t\t\t\t<div class=\"elementor-column elementor-col-100 elementor-top-column elementor-element elementor-element-58c31fa9\" data-id=\"58c31fa9\" data-element_type=\"column\">\n\t\t\t<div class=\"elementor-widget-wrap elementor-element-populated\">\n\t\t\t\t\t\t<div class=\"elementor-element elementor-element-6b4964ec elementor-widget elementor-widget-qi_addons_for_elementor_call_to_action\" data-id=\"6b4964ec\" data-element_type=\"widget\" data-widget_type=\"qi_addons_for_elementor_call_to_action.default\">\n\t\t\t\t<div class=\"elementor-widget-container\">\n\t\t\t\t\t<div class=\"qodef-shortcode qodef-m qodef-qi-call-to-action qodef-layout--standard\">\n\t<div class=\"qodef-m-inner\">\n\t\t<div class=\"qodef-m-content\">\n\t\t\t<h5 class=\"qodef-m-title\">\n\t\t\tJuntos podemos lograr una vida m\u00e1s saludable para ti y tu familia.\t\t<\/h5>\n\t\t\t\t<div class=\"qodef-m-text\">\n\t\t\tEnv\u00ede un mensaje hoy y podr\u00edamos estar comenzando su camino hacia una vida saludable.\t\t<\/div>\n\t<\/div>\n\t\t\t<div class=\"qodef-m-button\">\n\t\t<a class=\"qodef-shortcode qodef-m qodef-qi-button qodef-html--link qodef-layout--filled qodef-type--standard qodef-icon--right qodef-hover--icon-move-horizontal-short\" href=\"\/es\/contact\/\" target=\"_self\">\t<span class=\"qodef-m-text\">Cont\u00e1ctanos hoy<\/span>\t<\/a>\t<\/div>\n\t\t\t<\/div>\n<\/div>\n\t\t\t\t<\/div>\n\t\t\t\t<\/div>\n\t\t\t\t\t<\/div>\n\t\t<\/div>\n\t\t\t\t\t<\/div>\n\t\t<\/section>\n\t\t\t\t<\/div>","protected":false},"excerpt":{"rendered":"<p>Weight Management Lose weight while learning how to change your relationship with food! We create our strategies using evidence-based Medical Nutrition Therapy. Initial Assessment The initial assessment is an opportunity to deeply discuss your relationship with food and exercise in order to establish a baseline from which to work from. Included is a thorough medical [&hellip;]<\/p>","protected":false},"author":2,"featured_media":0,"parent":0,"menu_order":0,"comment_status":"closed","ping_status":"closed","template":"","meta":{"_monsterinsights_skip_tracking":false,"_monsterinsights_sitenote_active":false,"_monsterinsights_sitenote_note":"","_monsterinsights_sitenote_category":0,"footnotes":""},"class_list":["post-6889","page","type-page","status-publish","hentry"],"_links":{"self":[{"href":"https:\/\/goodnessnutritioncenter.com\/es\/wp-json\/wp\/v2\/pages\/6889","targetHints":{"allow":["GET"]}}],"collection":[{"href":"https:\/\/goodnessnutritioncenter.com\/es\/wp-json\/wp\/v2\/pages"}],"about":[{"href":"https:\/\/goodnessnutritioncenter.com\/es\/wp-json\/wp\/v2\/types\/page"}],"author":[{"embeddable":true,"href":"https:\/\/goodnessnutritioncenter.com\/es\/wp-json\/wp\/v2\/users\/2"}],"replies":[{"embeddable":true,"href":"https:\/\/goodnessnutritioncenter.com\/es\/wp-json\/wp\/v2\/comments?post=6889"}],"version-history":[{"count":20,"href":"https:\/\/goodnessnutritioncenter.com\/es\/wp-json\/wp\/v2\/pages\/6889\/revisions"}],"predecessor-version":[{"id":7832,"href":"https:\/\/goodnessnutritioncenter.com\/es\/wp-json\/wp\/v2\/pages\/6889\/revisions\/7832"}],"wp:attachment":[{"href":"https:\/\/goodnessnutritioncenter.com\/es\/wp-json\/wp\/v2\/media?parent=6889"}],"curies":[{"name":"wp","href":"https:\/\/api.w.org\/{rel}","templated":true}]}}