{"id":6902,"date":"2022-04-14T22:46:35","date_gmt":"2022-04-14T22:46:35","guid":{"rendered":"https:\/\/andresi19.sg-host.com\/?page_id=6902"},"modified":"2024-07-02T19:41:01","modified_gmt":"2024-07-02T19:41:01","slug":"seca-mbca","status":"publish","type":"page","link":"https:\/\/goodnessnutritioncenter.com\/es\/seca-mbca\/","title":{"rendered":"SECA mBCA"},"content":{"rendered":"<div data-elementor-type=\"wp-page\" data-elementor-id=\"6902\" class=\"elementor elementor-6902\" data-elementor-post-type=\"page\">\n\t\t\t\t\t\t<section class=\"elementor-section elementor-top-section elementor-element elementor-element-49fe5fa qodef-elementor-content-grid elementor-section-boxed elementor-section-height-default elementor-section-height-default\" data-id=\"49fe5fa\" data-element_type=\"section\">\n\t\t\t\t\t\t<div class=\"elementor-container elementor-column-gap-default\">\n\t\t\t\t\t<div class=\"elementor-column elementor-col-100 elementor-top-column elementor-element elementor-element-c24ad0c\" data-id=\"c24ad0c\" data-element_type=\"column\">\n\t\t\t<div class=\"elementor-widget-wrap elementor-element-populated\">\n\t\t\t\t\t\t<div class=\"elementor-element elementor-element-3685297 elementor-widget__width-initial elementor-widget elementor-widget-healthfirst_core_section_title\" data-id=\"3685297\" data-element_type=\"widget\" data-widget_type=\"healthfirst_core_section_title.default\">\n\t\t\t\t<div class=\"elementor-widget-container\">\n\t\t\t\t\t<div class=\"qodef-shortcode qodef-m  qodef-section-title qodef-alignment--left\">\n\t\t\t<h1 class=\"qodef-m-title\" >\n\t\t\t\t\tSECA mBCA\t\t\t<\/h1>\n\t\t\t<p class=\"qodef-m-text\" >Ofrecemos a nuestros pacientes las pruebas de composici\u00f3n corporal m\u00e1s completas del mercado.<\/p>\n<\/div>\n\t\t\t\t<\/div>\n\t\t\t\t<\/div>\n\t\t\t\t\t<\/div>\n\t\t<\/div>\n\t\t\t\t\t<\/div>\n\t\t<\/section>\n\t\t\t\t<section class=\"elementor-section elementor-top-section elementor-element elementor-element-5f2f859 qodef-elementor-content-grid elementor-section-boxed elementor-section-height-default elementor-section-height-default\" data-id=\"5f2f859\" data-element_type=\"section\">\n\t\t\t\t\t\t<div class=\"elementor-container elementor-column-gap-default\">\n\t\t\t\t\t<div class=\"elementor-column elementor-col-50 elementor-top-column elementor-element elementor-element-1da5960\" data-id=\"1da5960\" data-element_type=\"column\">\n\t\t\t<div class=\"elementor-widget-wrap elementor-element-populated\">\n\t\t\t\t\t\t<div class=\"elementor-element elementor-element-a093907 elementor-widget elementor-widget-healthfirst_core_section_title\" data-id=\"a093907\" data-element_type=\"widget\" data-widget_type=\"healthfirst_core_section_title.default\">\n\t\t\t\t<div class=\"elementor-widget-container\">\n\t\t\t\t\t<div class=\"qodef-shortcode qodef-m  qodef-section-title qodef-alignment--left\">\n\t\t\t<h4 class=\"qodef-m-title\" >\n\t\t\t\t\tAnalizador de Composici\u00f3n Corporal M\u00e9dico\t\t\t<\/h4>\n\t\t<\/div>\n\t\t\t\t<\/div>\n\t\t\t\t<\/div>\n\t\t\t\t<div class=\"elementor-element elementor-element-a8d1d03 elementor-widget elementor-widget-text-editor\" data-id=\"a8d1d03\" data-element_type=\"widget\" data-widget_type=\"text-editor.default\">\n\t\t\t\t<div class=\"elementor-widget-container\">\n\t\t\t\t\t\t\t\t\t<p>Experimente un an\u00e1lisis de impedancia bioel\u00e9ctrica de vanguardia con el SECA mBCA. Nuestra evaluaci\u00f3n no invasiva proporciona un an\u00e1lisis en profundidad que mide la masa grasa, la masa libre de grasa, el agua corporal total, el agua intracelular, el agua extracelular y la masa muscular esquel\u00e9tica en unos r\u00e1pidos 17 segundos. Distinga entre la ganancia de m\u00fasculo y la p\u00e9rdida de grasa y comprenda los beneficios reales para la salud aunque su peso siga siendo el mismo.<\/p>\t\t\t\t\t\t\t\t<\/div>\n\t\t\t\t<\/div>\n\t\t\t\t<div class=\"elementor-element elementor-element-3f3981f elementor-widget elementor-widget-healthfirst_core_single_image\" data-id=\"3f3981f\" data-element_type=\"widget\" data-widget_type=\"healthfirst_core_single_image.default\">\n\t\t\t\t<div class=\"elementor-widget-container\">\n\t\t\t\t\t<div class=\"qodef-shortcode qodef-m  qodef-single-image qodef-layout--default\">\n\t<div class=\"qodef-m-image\">\n\t\t\t<img fetchpriority=\"high\" decoding=\"async\" width=\"1280\" height=\"1920\" src=\"https:\/\/goodnessnutritioncenter.com\/wp-content\/uploads\/2024\/07\/pexels-mikhail-nilov-6707489.webp\" class=\"attachment-full size-full\" alt=\"\" srcset=\"https:\/\/goodnessnutritioncenter.com\/wp-content\/uploads\/2024\/07\/pexels-mikhail-nilov-6707489.webp 1280w, https:\/\/goodnessnutritioncenter.com\/wp-content\/uploads\/2024\/07\/pexels-mikhail-nilov-6707489-200x300.webp 200w, https:\/\/goodnessnutritioncenter.com\/wp-content\/uploads\/2024\/07\/pexels-mikhail-nilov-6707489-683x1024.webp 683w, https:\/\/goodnessnutritioncenter.com\/wp-content\/uploads\/2024\/07\/pexels-mikhail-nilov-6707489-768x1152.webp 768w, https:\/\/goodnessnutritioncenter.com\/wp-content\/uploads\/2024\/07\/pexels-mikhail-nilov-6707489-1024x1536.webp 1024w, https:\/\/goodnessnutritioncenter.com\/wp-content\/uploads\/2024\/07\/pexels-mikhail-nilov-6707489-8x12.webp 8w\" sizes=\"(max-width: 1280px) 100vw, 1280px\" \/>\t<\/div>\n<\/div>\n\t\t\t\t<\/div>\n\t\t\t\t<\/div>\n\t\t\t\t\t<\/div>\n\t\t<\/div>\n\t\t\t\t<div class=\"elementor-column elementor-col-50 elementor-top-column elementor-element elementor-element-80c1178\" data-id=\"80c1178\" data-element_type=\"column\">\n\t\t\t<div class=\"elementor-widget-wrap elementor-element-populated\">\n\t\t\t\t\t\t<div class=\"elementor-element elementor-element-e020bc2 elementor-widget elementor-widget-healthfirst_core_single_image\" data-id=\"e020bc2\" data-element_type=\"widget\" data-widget_type=\"healthfirst_core_single_image.default\">\n\t\t\t\t<div class=\"elementor-widget-container\">\n\t\t\t\t\t<div class=\"qodef-shortcode qodef-m  qodef-single-image qodef-layout--default\">\n\t<div class=\"qodef-m-image\">\n\t\t\t<img decoding=\"async\" width=\"1170\" height=\"580\" src=\"https:\/\/goodnessnutritioncenter.com\/wp-content\/uploads\/2024\/07\/application_images_seca_com_515_514_6_4col_1170x580.webp\" class=\"attachment-full size-full\" alt=\"\" srcset=\"https:\/\/goodnessnutritioncenter.com\/wp-content\/uploads\/2024\/07\/application_images_seca_com_515_514_6_4col_1170x580.webp 1170w, https:\/\/goodnessnutritioncenter.com\/wp-content\/uploads\/2024\/07\/application_images_seca_com_515_514_6_4col_1170x580-300x149.webp 300w, https:\/\/goodnessnutritioncenter.com\/wp-content\/uploads\/2024\/07\/application_images_seca_com_515_514_6_4col_1170x580-1024x508.webp 1024w, https:\/\/goodnessnutritioncenter.com\/wp-content\/uploads\/2024\/07\/application_images_seca_com_515_514_6_4col_1170x580-768x381.webp 768w, https:\/\/goodnessnutritioncenter.com\/wp-content\/uploads\/2024\/07\/application_images_seca_com_515_514_6_4col_1170x580-18x9.webp 18w\" sizes=\"(max-width: 1170px) 100vw, 1170px\" \/>\t<\/div>\n<\/div>\n\t\t\t\t<\/div>\n\t\t\t\t<\/div>\n\t\t\t\t<div class=\"elementor-element elementor-element-27ad1da elementor-widget elementor-widget-healthfirst_core_section_title\" data-id=\"27ad1da\" data-element_type=\"widget\" data-widget_type=\"healthfirst_core_section_title.default\">\n\t\t\t\t<div class=\"elementor-widget-container\">\n\t\t\t\t\t<div class=\"qodef-shortcode qodef-m  qodef-section-title qodef-alignment--left\">\n\t\t\t<h5 class=\"qodef-m-title\" >\n\t\t\t\t\t\u00a1Este an\u00e1lisis r\u00e1pido solo toma 17 segundos!\t\t\t<\/h5>\n\t\t<\/div>\n\t\t\t\t<\/div>\n\t\t\t\t<\/div>\n\t\t\t\t<div class=\"elementor-element elementor-element-6194853 elementor-widget elementor-widget-text-editor\" data-id=\"6194853\" data-element_type=\"widget\" data-widget_type=\"text-editor.default\">\n\t\t\t\t<div class=\"elementor-widget-container\">\n\t\t\t\t\t\t\t\t\t<p><span style=\"font-weight: 400;\"><strong>Distinci\u00f3n entre masa grasa y masa sin grasa<\/strong>: Una distinci\u00f3n valiosa importante en el control de la diabetes, el peso y la nutrici\u00f3n.<\/span><\/p><p dir=\"ltr\" style=\"line-height: 1.38; margin-top: 0pt; margin-bottom: 0pt;\">\u00a0<\/p><p><span style=\"font-weight: 400;\"><strong>Masa muscular esquel\u00e9tica (MMS)<\/strong>: muestra valores individuales para cada una de las extremidades y el torso del paciente para ayudar al RND a crear un plan que conserve la mayor cantidad de masa muscular posible mientras reduce la grasa; potenciando una mejor salud a trav\u00e9s de una mejor nutrici\u00f3n.<\/span><\/p><p dir=\"ltr\" style=\"line-height: 1.38; margin-top: 0pt; margin-bottom: 0pt;\">\u00a0<\/p><p><span style=\"font-weight: 400;\"><strong>Grasa visceral<\/strong>:\u00a0 La grasa visceral (IVA) provoca un mayor riesgo de enfermedades cardiometab\u00f3licas.<\/span><\/p><p dir=\"ltr\" style=\"line-height: 1.38; margin-top: 0pt; margin-bottom: 0pt;\">\u00a0<\/p><p><span style=\"font-weight: 400;\"><strong>Agua Corporal (Extracelular e Intracelular) (TVW\/ECW)<\/strong>: muestra la distribuci\u00f3n interna de l\u00edquidos por todo el cuerpo para prevenir la deshidrataci\u00f3n y maximizar el rendimiento f\u00edsico.<\/span><\/p>\t\t\t\t\t\t\t\t<\/div>\n\t\t\t\t<\/div>\n\t\t\t\t\t<\/div>\n\t\t<\/div>\n\t\t\t\t\t<\/div>\n\t\t<\/section>\n\t\t\t\t<section class=\"elementor-section elementor-top-section elementor-element elementor-element-2837b18 elementor-hidden-mobile elementor-section-boxed elementor-section-height-default elementor-section-height-default qodef-elementor-content-no\" data-id=\"2837b18\" data-element_type=\"section\">\n\t\t\t\t\t\t<div class=\"elementor-container elementor-column-gap-default\">\n\t\t\t\t\t<div class=\"elementor-column elementor-col-100 elementor-top-column elementor-element elementor-element-3ffe5221\" data-id=\"3ffe5221\" data-element_type=\"column\">\n\t\t\t<div class=\"elementor-widget-wrap elementor-element-populated\">\n\t\t\t\t\t\t<div class=\"elementor-element elementor-element-663ba679 elementor-widget elementor-widget-qi_addons_for_elementor_call_to_action\" data-id=\"663ba679\" data-element_type=\"widget\" data-widget_type=\"qi_addons_for_elementor_call_to_action.default\">\n\t\t\t\t<div class=\"elementor-widget-container\">\n\t\t\t\t\t<div class=\"qodef-shortcode qodef-m qodef-qi-call-to-action qodef-layout--standard\">\n\t<div class=\"qodef-m-inner\">\n\t\t<div class=\"qodef-m-content\">\n\t\t\t<h5 class=\"qodef-m-title\">\n\t\t\tJuntos podemos lograr una vida m\u00e1s saludable para ti y tu familia.\t\t<\/h5>\n\t\t\t\t<div class=\"qodef-m-text\">\n\t\t\tEnv\u00ede un mensaje hoy y podr\u00edamos estar comenzando su camino hacia una vida saludable.\t\t<\/div>\n\t<\/div>\n\t\t\t<div class=\"qodef-m-button\">\n\t\t<a class=\"qodef-shortcode qodef-m qodef-qi-button qodef-html--link qodef-layout--filled qodef-type--standard qodef-icon--right qodef-hover--icon-move-horizontal-short\" href=\"https:\/\/goodnessnutritioncenter.com\/es\/contact\/\" target=\"_self\">\t<span class=\"qodef-m-text\">Cont\u00e1ctanos hoy<\/span>\t<\/a>\t<\/div>\n\t\t\t<\/div>\n<\/div>\n\t\t\t\t<\/div>\n\t\t\t\t<\/div>\n\t\t\t\t\t<\/div>\n\t\t<\/div>\n\t\t\t\t\t<\/div>\n\t\t<\/section>\n\t\t\t\t<\/div>","protected":false},"excerpt":{"rendered":"<p>SECA mBCA We provide our patients with the most comprehensive body composition testing on the market. medical Body Composition Analyzer Experience a cutting-edge bioelectrical impedance analysis with the SECA mBCA. Our non-invasive assessment provides an in-depth analysis measuring fat mass, fat-free mass, total body water, intracellular water, extracellular water, and skeletal muscle mass in a [&hellip;]<\/p>","protected":false},"author":2,"featured_media":0,"parent":0,"menu_order":0,"comment_status":"closed","ping_status":"closed","template":"","meta":{"_monsterinsights_skip_tracking":false,"_monsterinsights_sitenote_active":false,"_monsterinsights_sitenote_note":"","_monsterinsights_sitenote_category":0,"footnotes":""},"class_list":["post-6902","page","type-page","status-publish","hentry"],"_links":{"self":[{"href":"https:\/\/goodnessnutritioncenter.com\/es\/wp-json\/wp\/v2\/pages\/6902","targetHints":{"allow":["GET"]}}],"collection":[{"href":"https:\/\/goodnessnutritioncenter.com\/es\/wp-json\/wp\/v2\/pages"}],"about":[{"href":"https:\/\/goodnessnutritioncenter.com\/es\/wp-json\/wp\/v2\/types\/page"}],"author":[{"embeddable":true,"href":"https:\/\/goodnessnutritioncenter.com\/es\/wp-json\/wp\/v2\/users\/2"}],"replies":[{"embeddable":true,"href":"https:\/\/goodnessnutritioncenter.com\/es\/wp-json\/wp\/v2\/comments?post=6902"}],"version-history":[{"count":20,"href":"https:\/\/goodnessnutritioncenter.com\/es\/wp-json\/wp\/v2\/pages\/6902\/revisions"}],"predecessor-version":[{"id":7835,"href":"https:\/\/goodnessnutritioncenter.com\/es\/wp-json\/wp\/v2\/pages\/6902\/revisions\/7835"}],"wp:attachment":[{"href":"https:\/\/goodnessnutritioncenter.com\/es\/wp-json\/wp\/v2\/media?parent=6902"}],"curies":[{"name":"wp","href":"https:\/\/api.w.org\/{rel}","templated":true}]}}